{"id":556,"date":"2021-11-02T08:56:58","date_gmt":"2021-11-02T08:56:58","guid":{"rendered":"https:\/\/demo.athemes.com\/sydney-main-gb\/?page_id=556"},"modified":"2025-11-28T14:45:14","modified_gmt":"2025-11-28T14:45:14","slug":"services","status":"publish","type":"page","link":"https:\/\/2pierh.com\/index.php\/services\/","title":{"rendered":"Nos services"},"content":{"rendered":"\n<div class=\"wp-block-group alignfull has-global-padding is-layout-constrained wp-container-core-group-is-layout-70e44286 wp-block-group-is-layout-constrained\" style=\"margin-top:0;margin-bottom:0;padding-top:0vh;padding-right:var(--wp--preset--spacing--30);padding-bottom:0;padding-left:var(--wp--preset--spacing--30)\">\n<div class=\"wp-block-columns alignwide are-vertically-aligned-center is-layout-flex wp-container-core-columns-is-layout-14cf5ab5 wp-block-columns-is-layout-flex\">\n<div class=\"wp-block-column is-vertically-aligned-center center-mobile is-layout-flow wp-container-core-column-is-layout-15c3df02 wp-block-column-is-layout-flow\" style=\"padding-top:var(--wp--preset--spacing--40);padding-right:var(--wp--preset--spacing--60);padding-bottom:var(--wp--preset--spacing--40);padding-left:var(--wp--preset--spacing--30);flex-basis:62%\">\n<h2 class=\"wp-block-heading is-style-default\">Audit RH<\/h2>\n\n\n\n<p class=\"has-text-color\" style=\"color:#233452\">Nous analysons vos pratiques de gestion des ressources humaines pour identifier les forces, les faiblesses et les opportunit\u00e9s d\u2019am\u00e9lioration. Gr\u00e2ce \u00e0 des outils professionnels et des recommandations concr\u00e8tes, nous vous aidons \u00e0 optimiser votre structure RH, renforcer votre performance et cr\u00e9er un environnement de travail \u00e9panouissant.<\/p>\n\n\n\n<div class=\"wp-block-buttons center-mobile is-layout-flex wp-block-buttons-is-layout-flex\" style=\"margin-top:var(--wp--preset--spacing--50)\"><\/div>\n<\/div>\n\n\n\n<div class=\"wp-block-column is-vertically-aligned-center stretch-right is-layout-flow wp-block-column-is-layout-flow\" style=\"padding-top:0;padding-right:10px;padding-bottom:0;padding-left:10px;flex-basis:50%\">\n<figure class=\"wp-block-image aligncenter size-large\"><img fetchpriority=\"high\" decoding=\"async\" width=\"1024\" height=\"683\" src=\"https:\/\/2pierh.com\/wp-content\/uploads\/2025\/11\/Audit-2-1024x683.jpeg\" alt=\"\" class=\"wp-image-994\" srcset=\"https:\/\/2pierh.com\/wp-content\/uploads\/2025\/11\/Audit-2-1024x683.jpeg 1024w, https:\/\/2pierh.com\/wp-content\/uploads\/2025\/11\/Audit-2-300x200.jpeg 300w, https:\/\/2pierh.com\/wp-content\/uploads\/2025\/11\/Audit-2-768x512.jpeg 768w, https:\/\/2pierh.com\/wp-content\/uploads\/2025\/11\/Audit-2-1000x667.jpeg 1000w, https:\/\/2pierh.com\/wp-content\/uploads\/2025\/11\/Audit-2-230x153.jpeg 230w, https:\/\/2pierh.com\/wp-content\/uploads\/2025\/11\/Audit-2-350x233.jpeg 350w, https:\/\/2pierh.com\/wp-content\/uploads\/2025\/11\/Audit-2-480x320.jpeg 480w, https:\/\/2pierh.com\/wp-content\/uploads\/2025\/11\/Audit-2.jpeg 1080w\" sizes=\"(max-width: 1024px) 100vw, 1024px\" \/><\/figure>\n<\/div>\n<\/div>\n<\/div>\n\n\n\n<div class=\"wp-block-group alignfull has-global-padding is-layout-constrained wp-container-core-group-is-layout-70e44286 wp-block-group-is-layout-constrained\" style=\"margin-top:0;margin-bottom:0;padding-top:0vh;padding-right:var(--wp--preset--spacing--30);padding-bottom:0;padding-left:var(--wp--preset--spacing--30)\">\n<div class=\"wp-block-columns alignwide are-vertically-aligned-center is-layout-flex wp-container-core-columns-is-layout-14cf5ab5 wp-block-columns-is-layout-flex\">\n<div class=\"wp-block-column is-vertically-aligned-center center-mobile is-layout-flow wp-container-core-column-is-layout-15c3df02 wp-block-column-is-layout-flow\" style=\"padding-top:var(--wp--preset--spacing--40);padding-right:var(--wp--preset--spacing--60);padding-bottom:var(--wp--preset--spacing--40);padding-left:var(--wp--preset--spacing--30);flex-basis:62%\">\n<h2 class=\"wp-block-heading is-style-default\">Immigration Canada<\/h2>\n\n\n\n<p class=\"has-text-color\" style=\"color:#233452\">2pieRH vous guide dans chaque \u00e9tape de votre projet d\u2019immigration au Canada. Que ce soit pour un <strong>projet d\u2019\u00e9tudes<\/strong>, un <strong>regroupement familial<\/strong> ou une <strong>opportunit\u00e9 de carri\u00e8re<\/strong>. En collaboration avec des partenaires juridiques sp\u00e9cialis\u00e9s, nous facilitons les d\u00e9marches administratives et l\u00e9gales afin que votre r\u00eave devienne une r\u00e9alit\u00e9. Notre accompagnement personnalis\u00e9 vous assure une exp\u00e9rience fluide, structur\u00e9e et conforme aux exigences canadiennes.<\/p>\n\n\n\n<div class=\"wp-block-buttons center-mobile is-layout-flex wp-block-buttons-is-layout-flex\" style=\"margin-top:var(--wp--preset--spacing--50)\"><\/div>\n<\/div>\n\n\n\n<div class=\"wp-block-column is-vertically-aligned-center stretch-right is-layout-flow wp-block-column-is-layout-flow\" style=\"padding-top:0;padding-right:10px;padding-bottom:0;padding-left:10px;flex-basis:50%\">\n<figure class=\"wp-block-image aligncenter size-large\"><img decoding=\"async\" width=\"1024\" height=\"601\" src=\"https:\/\/2pierh.com\/wp-content\/uploads\/2025\/11\/Canada-1024x601.jpeg\" alt=\"\" class=\"wp-image-995\" srcset=\"https:\/\/2pierh.com\/wp-content\/uploads\/2025\/11\/Canada-1024x601.jpeg 1024w, https:\/\/2pierh.com\/wp-content\/uploads\/2025\/11\/Canada-300x176.jpeg 300w, https:\/\/2pierh.com\/wp-content\/uploads\/2025\/11\/Canada-768x451.jpeg 768w, https:\/\/2pierh.com\/wp-content\/uploads\/2025\/11\/Canada-1000x587.jpeg 1000w, https:\/\/2pierh.com\/wp-content\/uploads\/2025\/11\/Canada-230x135.jpeg 230w, https:\/\/2pierh.com\/wp-content\/uploads\/2025\/11\/Canada-350x205.jpeg 350w, https:\/\/2pierh.com\/wp-content\/uploads\/2025\/11\/Canada-480x282.jpeg 480w, https:\/\/2pierh.com\/wp-content\/uploads\/2025\/11\/Canada.jpeg 1080w\" sizes=\"(max-width: 1024px) 100vw, 1024px\" \/><\/figure>\n<\/div>\n<\/div>\n<\/div>\n\n\n\n<div class=\"wp-block-group alignfull has-global-padding is-layout-constrained wp-container-core-group-is-layout-70e44286 wp-block-group-is-layout-constrained\" style=\"margin-top:0;margin-bottom:0;padding-top:0vh;padding-right:var(--wp--preset--spacing--30);padding-bottom:0;padding-left:var(--wp--preset--spacing--30)\">\n<div class=\"wp-block-columns alignwide are-vertically-aligned-center is-layout-flex wp-container-core-columns-is-layout-14cf5ab5 wp-block-columns-is-layout-flex\">\n<div class=\"wp-block-column is-vertically-aligned-center center-mobile is-layout-flow wp-container-core-column-is-layout-15c3df02 wp-block-column-is-layout-flow\" style=\"padding-top:var(--wp--preset--spacing--40);padding-right:var(--wp--preset--spacing--60);padding-bottom:var(--wp--preset--spacing--40);padding-left:var(--wp--preset--spacing--30);flex-basis:62%\">\n<h2 class=\"wp-block-heading is-style-default\">Recrutement<\/h2>\n\n\n\n<p class=\"has-text-color\" style=\"color:#233452\">Nous accompagnons les entreprises dans la recherche et la s\u00e9lection des meilleurs talents. Gr\u00e2ce \u00e0 une approche rigoureuse et humaine, nous identifions les profils les plus adapt\u00e9s \u00e0 vos besoins organisationnels et culturels. Notre objectif : vous faire gagner du temps, s\u00e9curiser vos embauches et contribuer \u00e0 la croissance durable de votre entreprise.<\/p>\n\n\n\n<div class=\"wp-block-buttons center-mobile is-layout-flex wp-block-buttons-is-layout-flex\" style=\"margin-top:var(--wp--preset--spacing--50)\"><\/div>\n<\/div>\n\n\n\n<div class=\"wp-block-column is-vertically-aligned-center stretch-right is-layout-flow wp-block-column-is-layout-flow\" style=\"padding-top:0;padding-right:10px;padding-bottom:0;padding-left:10px;flex-basis:50%\">\n<figure class=\"wp-block-image aligncenter size-large\"><img decoding=\"async\" width=\"1024\" height=\"683\" src=\"https:\/\/2pierh.com\/wp-content\/uploads\/2025\/11\/travail-3-1024x683.jpeg\" alt=\"\" class=\"wp-image-996\" srcset=\"https:\/\/2pierh.com\/wp-content\/uploads\/2025\/11\/travail-3-1024x683.jpeg 1024w, https:\/\/2pierh.com\/wp-content\/uploads\/2025\/11\/travail-3-300x200.jpeg 300w, https:\/\/2pierh.com\/wp-content\/uploads\/2025\/11\/travail-3-768x512.jpeg 768w, https:\/\/2pierh.com\/wp-content\/uploads\/2025\/11\/travail-3-1000x667.jpeg 1000w, https:\/\/2pierh.com\/wp-content\/uploads\/2025\/11\/travail-3-230x153.jpeg 230w, https:\/\/2pierh.com\/wp-content\/uploads\/2025\/11\/travail-3-350x233.jpeg 350w, https:\/\/2pierh.com\/wp-content\/uploads\/2025\/11\/travail-3-480x320.jpeg 480w, https:\/\/2pierh.com\/wp-content\/uploads\/2025\/11\/travail-3.jpeg 1080w\" sizes=\"(max-width: 1024px) 100vw, 1024px\" \/><\/figure>\n<\/div>\n<\/div>\n<\/div>\n\n\n\n<div class=\"wp-block-group alignfull has-global-padding is-layout-constrained wp-container-core-group-is-layout-70e44286 wp-block-group-is-layout-constrained\" style=\"margin-top:0;margin-bottom:0;padding-top:0vh;padding-right:var(--wp--preset--spacing--30);padding-bottom:0;padding-left:var(--wp--preset--spacing--30)\">\n<div class=\"wp-block-columns alignwide are-vertically-aligned-center is-layout-flex wp-container-core-columns-is-layout-14cf5ab5 wp-block-columns-is-layout-flex\">\n<div class=\"wp-block-column is-vertically-aligned-center center-mobile is-layout-flow wp-container-core-column-is-layout-15c3df02 wp-block-column-is-layout-flow\" style=\"padding-top:var(--wp--preset--spacing--40);padding-right:var(--wp--preset--spacing--60);padding-bottom:var(--wp--preset--spacing--40);padding-left:var(--wp--preset--spacing--30);flex-basis:62%\">\n<h2 class=\"wp-block-heading is-style-default\">Formation<\/h2>\n\n\n\n<p class=\"has-text-color\" style=\"color:#233452\">Nous d\u00e9veloppons et animons des formations pratiques adapt\u00e9es aux besoins de votre organisation. Nos programmes visent \u00e0 renforcer les comp\u00e9tences de vos \u00e9quipes, stimuler l\u2019engagement et favoriser une culture d\u2019entreprise solide. Chaque formation est con\u00e7ue pour produire des r\u00e9sultats concrets et durables.<\/p>\n\n\n\n<div class=\"wp-block-buttons center-mobile is-layout-flex wp-block-buttons-is-layout-flex\" style=\"margin-top:var(--wp--preset--spacing--50)\"><\/div>\n<\/div>\n\n\n\n<div class=\"wp-block-column is-vertically-aligned-center stretch-right is-layout-flow wp-block-column-is-layout-flow\" style=\"padding-top:0;padding-right:10px;padding-bottom:0;padding-left:10px;flex-basis:50%\">\n<figure class=\"wp-block-image aligncenter size-large\"><img loading=\"lazy\" decoding=\"async\" width=\"1024\" height=\"684\" src=\"https:\/\/2pierh.com\/wp-content\/uploads\/2025\/11\/Formation-1-1024x684.jpeg\" alt=\"\" class=\"wp-image-997\" srcset=\"https:\/\/2pierh.com\/wp-content\/uploads\/2025\/11\/Formation-1-1024x684.jpeg 1024w, https:\/\/2pierh.com\/wp-content\/uploads\/2025\/11\/Formation-1-300x200.jpeg 300w, https:\/\/2pierh.com\/wp-content\/uploads\/2025\/11\/Formation-1-768x513.jpeg 768w, https:\/\/2pierh.com\/wp-content\/uploads\/2025\/11\/Formation-1-1000x668.jpeg 1000w, https:\/\/2pierh.com\/wp-content\/uploads\/2025\/11\/Formation-1-230x154.jpeg 230w, https:\/\/2pierh.com\/wp-content\/uploads\/2025\/11\/Formation-1-350x234.jpeg 350w, https:\/\/2pierh.com\/wp-content\/uploads\/2025\/11\/Formation-1-480x320.jpeg 480w, https:\/\/2pierh.com\/wp-content\/uploads\/2025\/11\/Formation-1.jpeg 1080w\" sizes=\"(max-width: 1024px) 100vw, 1024px\" \/><\/figure>\n<\/div>\n<\/div>\n<\/div>\n\n\n\n<div class=\"wp-block-group alignfull center-mobile has-background has-global-padding is-layout-constrained wp-container-core-group-is-layout-4c86130a wp-block-group-is-layout-constrained\" style=\"border-bottom-color:#FFFFFF1A;border-bottom-width:1px;background-color:var(--sydney-global-color-6);margin-top:0;margin-bottom:0;padding-top:var(--wp--preset--spacing--70);padding-right:var(--wp--preset--spacing--30);padding-bottom:var(--wp--preset--spacing--70);padding-left:var(--wp--preset--spacing--30)\">\n<div class=\"wp-block-columns alignwide are-vertically-aligned-center is-layout-flex wp-container-core-columns-is-layout-28f84493 wp-block-columns-is-layout-flex\">\n<div class=\"wp-block-column is-vertically-aligned-center is-layout-flow wp-block-column-is-layout-flow\" style=\"flex-basis:50%\">\n<h2 class=\"wp-block-heading has-text-color\" style=\"color:#FFFFFF\">Vous avez un projet ?<\/h2>\n<\/div>\n\n\n\n<div class=\"wp-block-column is-vertically-aligned-center is-layout-flow wp-block-column-is-layout-flow\" style=\"flex-basis:50%\">\n<div class=\"wp-block-buttons center-mobile is-content-justification-right is-layout-flex wp-container-core-buttons-is-layout-d445cf74 wp-block-buttons-is-layout-flex\">\n<div class=\"wp-block-button is-style-default\"><a class=\"wp-block-button__link has-global-color-1-background-color has-background has-border-color has-global-color-1-border-color has-text-align-right wp-element-button\" href=\"https:\/\/2pierh.com\/index.php\/contact\/\" style=\"border-width:1px\">Contactez-nous<\/a><\/div>\n<\/div>\n<\/div>\n<\/div>\n<\/div>\n\n\n\n<p><\/p>\n","protected":false},"excerpt":{"rendered":"<p>Audit RH Nous analysons vos pratiques de gestion des ressources humaines pour identifier les forces, les faiblesses et les opportunit\u00e9s d\u2019am\u00e9lioration. Gr\u00e2ce [&hellip;]<\/p>\n","protected":false},"author":1,"featured_media":0,"parent":0,"menu_order":0,"comment_status":"closed","ping_status":"closed","template":"page-templates\/page_front-page.php","meta":{"footnotes":""},"class_list":["post-556","page","type-page","status-publish","hentry"],"_links":{"self":[{"href":"https:\/\/2pierh.com\/index.php\/wp-json\/wp\/v2\/pages\/556","targetHints":{"allow":["GET"]}}],"collection":[{"href":"https:\/\/2pierh.com\/index.php\/wp-json\/wp\/v2\/pages"}],"about":[{"href":"https:\/\/2pierh.com\/index.php\/wp-json\/wp\/v2\/types\/page"}],"author":[{"embeddable":true,"href":"https:\/\/2pierh.com\/index.php\/wp-json\/wp\/v2\/users\/1"}],"replies":[{"embeddable":true,"href":"https:\/\/2pierh.com\/index.php\/wp-json\/wp\/v2\/comments?post=556"}],"version-history":[{"count":3,"href":"https:\/\/2pierh.com\/index.php\/wp-json\/wp\/v2\/pages\/556\/revisions"}],"predecessor-version":[{"id":1064,"href":"https:\/\/2pierh.com\/index.php\/wp-json\/wp\/v2\/pages\/556\/revisions\/1064"}],"wp:attachment":[{"href":"https:\/\/2pierh.com\/index.php\/wp-json\/wp\/v2\/media?parent=556"}],"curies":[{"name":"wp","href":"https:\/\/api.w.org\/{rel}","templated":true}]}}