{"id":965,"date":"2021-10-29T08:15:42","date_gmt":"2021-10-29T08:15:42","guid":{"rendered":"https:\/\/demo.athemes.com\/sydney-main-gb\/?page_id=5"},"modified":"2025-11-28T19:02:49","modified_gmt":"2025-11-28T19:02:49","slug":"page-dacceuil","status":"publish","type":"page","link":"https:\/\/2pierh.com\/","title":{"rendered":"Acceuil"},"content":{"rendered":"\n<div class=\"wp-block-cover alignfull zindex10\" style=\"margin-top:0;margin-bottom:0;padding-top:18vh;padding-right:var(--wp--preset--spacing--30);padding-left:var(--wp--preset--spacing--30)\"><img fetchpriority=\"high\" decoding=\"async\" width=\"1920\" height=\"1276\" class=\"wp-block-cover__image-background wp-image-105\" alt=\"\" src=\"https:\/\/2pierh.com\/wp-content\/uploads\/2021\/10\/three-women-in-office-1-1-1.jpg\" data-object-fit=\"cover\" srcset=\"https:\/\/2pierh.com\/wp-content\/uploads\/2021\/10\/three-women-in-office-1-1-1.jpg 1920w, https:\/\/2pierh.com\/wp-content\/uploads\/2021\/10\/three-women-in-office-1-1-1-300x199.jpg 300w, https:\/\/2pierh.com\/wp-content\/uploads\/2021\/10\/three-women-in-office-1-1-1-1024x681.jpg 1024w, https:\/\/2pierh.com\/wp-content\/uploads\/2021\/10\/three-women-in-office-1-1-1-768x510.jpg 768w, https:\/\/2pierh.com\/wp-content\/uploads\/2021\/10\/three-women-in-office-1-1-1-1536x1021.jpg 1536w, https:\/\/2pierh.com\/wp-content\/uploads\/2021\/10\/three-women-in-office-1-1-1-1000x665.jpg 1000w, https:\/\/2pierh.com\/wp-content\/uploads\/2021\/10\/three-women-in-office-1-1-1-230x153.jpg 230w, https:\/\/2pierh.com\/wp-content\/uploads\/2021\/10\/three-women-in-office-1-1-1-350x233.jpg 350w, https:\/\/2pierh.com\/wp-content\/uploads\/2021\/10\/three-women-in-office-1-1-1-480x319.jpg 480w\" sizes=\"(max-width: 1920px) 100vw, 1920px\" \/><span aria-hidden=\"true\" class=\"wp-block-cover__background has-global-color-6-background-color has-background-dim-90 has-background-dim\"><\/span><div class=\"wp-block-cover__inner-container has-global-padding is-layout-constrained wp-container-core-cover-is-layout-c76a0117 wp-block-cover-is-layout-constrained\">\n<div class=\"wp-block-columns alignwide is-layout-flex wp-container-core-columns-is-layout-28f84493 wp-block-columns-is-layout-flex\">\n<div class=\"wp-block-column is-layout-flow wp-block-column-is-layout-flow\" style=\"flex-basis:20%\"><\/div>\n\n\n\n<div class=\"wp-block-column is-layout-flow wp-block-column-is-layout-flow\">\n<h1 class=\"wp-block-heading has-text-align-center is-style-sydney-no-margin main-page-title has-text-color\" style=\"color:#FFFFFF;margin-bottom:20px\">2pieRH<\/h1>\n\n\n\n<p class=\"has-text-align-center has-text-color\" style=\"color:#FFFFFF;margin-top:var(--wp--preset--spacing--40);font-size:18px\">Au p\u00e9rim\u00e8tre de vos Ressources Humaines&#8230;<\/p>\n\n\n\n<div class=\"wp-block-buttons is-content-justification-center is-layout-flex wp-container-core-buttons-is-layout-d8c0be80 wp-block-buttons-is-layout-flex\" style=\"margin-top:var(--wp--preset--spacing--40)\">\n<div class=\"wp-block-button is-style-default\"><a class=\"wp-block-button__link has-sydney-global-color-1-background-color has-text-color has-background has-link-color has-border-color has-sydney-global-color-1-border-color has-text-align-right wp-element-button\" href=\"https:\/\/2pierh.com\/index.php\/contact\/\" style=\"border-width:1px;color:var(--sydney-global-color-4)\">Contacts<\/a><\/div>\n\n\n\n<div class=\"wp-block-button\"><a class=\"wp-block-button__link wp-element-button\">Obtenir une soumission<\/a><\/div>\n<\/div>\n\n\n\n<div class=\"wp-block-group alignfull has-global-padding is-layout-constrained wp-block-group-is-layout-constrained\" style=\"margin-top:20px\">\n<div class=\"wp-block-columns alignwide is-layout-flex wp-container-core-columns-is-layout-28f84493 wp-block-columns-is-layout-flex\">\n<div class=\"wp-block-column is-layout-flow wp-block-column-is-layout-flow\" style=\"padding-top:0;padding-right:15px;padding-bottom:0;padding-left:0;flex-basis:50%\"><\/div>\n\n\n\n<div class=\"wp-block-column is-layout-flow wp-block-column-is-layout-flow\" style=\"padding-top:0;padding-right:0;padding-bottom:0;padding-left:15px;flex-basis:50%\"><\/div>\n<\/div>\n<\/div>\n<\/div>\n\n\n\n<div class=\"wp-block-column is-layout-flow wp-block-column-is-layout-flow\" style=\"flex-basis:20%\"><\/div>\n<\/div>\n\n\n\n<div class=\"wp-block-group alignfull has-global-padding is-layout-constrained wp-block-group-is-layout-constrained\" style=\"margin-top:160px;margin-bottom:-65px\">\n<div class=\"wp-block-columns alignwide is-layout-flex wp-container-core-columns-is-layout-65e523f9 wp-block-columns-is-layout-flex\">\n<div class=\"wp-block-column is-layout-flow wp-block-column-is-layout-flow\" style=\"padding-top:0px;padding-right:15px;padding-bottom:0px;padding-left:15px;flex-basis:33.33%\">\n<div class=\"wp-block-group has-white-background-color has-background is-layout-flow wp-block-group-is-layout-flow\" style=\"border-radius:0px;padding-top:30px;padding-right:30px;padding-bottom:30px;padding-left:30px\">\n\n\n<h6 class=\"wp-block-heading has-dark-gray-color has-text-color\" style=\"font-size:12px;letter-spacing:1px;text-transform:uppercase\">Audit RH<\/h6>\n\n\n\n<p class=\"has-text-color\" style=\"color:var(--sydney-global-color-4)\">Nous analysons vos pratiques RH pour les optimiser et renforcer la performance de votre entreprise.<\/p>\n<\/div>\n<\/div>\n\n\n\n<div class=\"wp-block-column is-layout-flow wp-block-column-is-layout-flow\" style=\"padding-top:0px;padding-right:15px;padding-bottom:0px;padding-left:15px;flex-basis:33.33%\">\n<div class=\"wp-block-group has-white-background-color has-background is-layout-flow wp-block-group-is-layout-flow\" style=\"border-radius:0px;padding-top:30px;padding-right:30px;padding-bottom:30px;padding-left:30px\">\n\n\n<h6 class=\"wp-block-heading has-dark-gray-color has-text-color\" style=\"font-size:12px;letter-spacing:1px;text-transform:uppercase\">Recrutement<\/h6>\n\n\n\n<p class=\"has-text-color\" style=\"color:var(--sydney-global-color-4)\">Nous s\u00e9lectionnons les meilleurs talents pour r\u00e9pondre \u00e0 vos besoins, en alliant expertise et approche humaine.<\/p>\n<\/div>\n<\/div>\n\n\n\n<div class=\"wp-block-column is-layout-flow wp-block-column-is-layout-flow\" style=\"padding-top:0px;padding-right:15px;padding-bottom:0px;padding-left:15px;flex-basis:33.33%\">\n<div class=\"wp-block-group has-white-background-color has-background is-layout-flow wp-block-group-is-layout-flow\" style=\"border-radius:0px;padding-top:30px;padding-right:30px;padding-bottom:30px;padding-left:30px\">\n\n\n<h6 class=\"wp-block-heading has-dark-gray-color has-text-color\" style=\"font-size:12px;letter-spacing:1px;text-transform:uppercase\">immigration canada <\/h6>\n\n\n\n<p class=\"has-text-color\" style=\"color:var(--sydney-global-color-4)\">Nous vous accompagnons \u00e0 chaque \u00e9tape de votre projet d\u2019immigration au Canada, pour une exp\u00e9rience simple et s\u00e9curis\u00e9e.<\/p>\n<\/div>\n<\/div>\n<\/div>\n<\/div>\n<\/div><\/div>\n\n\n\n<div class=\"wp-block-group alignfull has-global-padding is-layout-constrained wp-block-group-is-layout-constrained\" style=\"padding-bottom:130px\">\n<div class=\"wp-block-columns alignwide is-layout-flex wp-container-core-columns-is-layout-9c22b1e3 wp-block-columns-is-layout-flex\">\n<div class=\"wp-block-column is-layout-flow wp-block-column-is-layout-flow\" style=\"padding-right:15px;padding-left:10px;flex-basis:50%\">\n<div class=\"wp-block-file\"><a href=\"https:\/\/2pierh.com\/wp-content\/uploads\/2021\/10\/Rectangle-595.jpg\" class=\"wp-block-file__button wp-element-button\" download>T\u00e9l\u00e9charger<\/a><\/div>\n\n\n\n<figure class=\"wp-block-gallery has-nested-images columns-default is-cropped wp-block-gallery-1 is-layout-flex wp-block-gallery-is-layout-flex\">\n<figure class=\"wp-block-image size-large\"><a href=\"https:\/\/2pierh.com\/wp-content\/uploads\/2025\/11\/Formation-2.jpeg\"><img decoding=\"async\" width=\"1024\" height=\"683\" data-id=\"978\" src=\"https:\/\/2pierh.com\/wp-content\/uploads\/2025\/11\/Formation-2-1024x683.jpeg\" alt=\"\" class=\"wp-image-978\" srcset=\"https:\/\/2pierh.com\/wp-content\/uploads\/2025\/11\/Formation-2-1024x683.jpeg 1024w, https:\/\/2pierh.com\/wp-content\/uploads\/2025\/11\/Formation-2-300x200.jpeg 300w, https:\/\/2pierh.com\/wp-content\/uploads\/2025\/11\/Formation-2-768x512.jpeg 768w, https:\/\/2pierh.com\/wp-content\/uploads\/2025\/11\/Formation-2-1000x667.jpeg 1000w, https:\/\/2pierh.com\/wp-content\/uploads\/2025\/11\/Formation-2-230x153.jpeg 230w, https:\/\/2pierh.com\/wp-content\/uploads\/2025\/11\/Formation-2-350x233.jpeg 350w, https:\/\/2pierh.com\/wp-content\/uploads\/2025\/11\/Formation-2-480x320.jpeg 480w, https:\/\/2pierh.com\/wp-content\/uploads\/2025\/11\/Formation-2.jpeg 1080w\" sizes=\"(max-width: 1024px) 100vw, 1024px\" \/><\/a><\/figure>\n<\/figure>\n<\/div>\n\n\n\n<div class=\"wp-block-column is-layout-flow wp-block-column-is-layout-flow\" style=\"padding-right:10px;padding-left:15px;flex-basis:50%\">\n<figure class=\"wp-block-image size-large\"><img decoding=\"async\" width=\"1024\" height=\"683\" src=\"https:\/\/2pierh.com\/wp-content\/uploads\/2025\/10\/Canada-2-1024x683.jpeg\" alt=\"\" class=\"wp-image-953\" srcset=\"https:\/\/2pierh.com\/wp-content\/uploads\/2025\/10\/Canada-2-1024x683.jpeg 1024w, https:\/\/2pierh.com\/wp-content\/uploads\/2025\/10\/Canada-2-300x200.jpeg 300w, https:\/\/2pierh.com\/wp-content\/uploads\/2025\/10\/Canada-2-768x512.jpeg 768w, https:\/\/2pierh.com\/wp-content\/uploads\/2025\/10\/Canada-2-1000x667.jpeg 1000w, https:\/\/2pierh.com\/wp-content\/uploads\/2025\/10\/Canada-2-230x153.jpeg 230w, https:\/\/2pierh.com\/wp-content\/uploads\/2025\/10\/Canada-2-350x233.jpeg 350w, https:\/\/2pierh.com\/wp-content\/uploads\/2025\/10\/Canada-2-480x320.jpeg 480w, https:\/\/2pierh.com\/wp-content\/uploads\/2025\/10\/Canada-2.jpeg 1080w\" sizes=\"(max-width: 1024px) 100vw, 1024px\" \/><\/figure>\n<\/div>\n<\/div>\n<\/div>\n\n\n\n<div class=\"wp-block-group alignfull center-mobile has-background has-global-padding is-layout-constrained wp-container-core-group-is-layout-4c86130a wp-block-group-is-layout-constrained\" style=\"border-bottom-color:#FFFFFF1A;border-bottom-width:1px;background-color:var(--sydney-global-color-6);margin-top:0;margin-bottom:0;padding-top:var(--wp--preset--spacing--70);padding-right:var(--wp--preset--spacing--30);padding-bottom:var(--wp--preset--spacing--70);padding-left:var(--wp--preset--spacing--30)\">\n<div class=\"wp-block-columns alignwide are-vertically-aligned-center is-layout-flex wp-container-core-columns-is-layout-28f84493 wp-block-columns-is-layout-flex\">\n<div class=\"wp-block-column is-vertically-aligned-center is-layout-flow wp-block-column-is-layout-flow\" style=\"flex-basis:50%\">\n<h2 class=\"wp-block-heading has-text-align-left has-text-color\" style=\"color:#FFFFFF\">Vous avez un projet ?  <\/h2>\n<\/div>\n\n\n\n<div class=\"wp-block-column is-vertically-aligned-center is-layout-flow wp-block-column-is-layout-flow\" style=\"flex-basis:50%\">\n<div class=\"wp-block-buttons center-mobile is-content-justification-right is-layout-flex wp-container-core-buttons-is-layout-d445cf74 wp-block-buttons-is-layout-flex\">\n<div class=\"wp-block-button is-style-default\"><a class=\"wp-block-button__link has-global-color-1-background-color has-background has-border-color has-global-color-1-border-color has-text-align-right wp-element-button\" href=\"https:\/\/2pierh.com\/index.php\/contact\/\" style=\"border-width:1px\">Contactez-nous<\/a><\/div>\n<\/div>\n<\/div>\n<\/div>\n<\/div>\n","protected":false},"excerpt":{"rendered":"<p>Vous avez un projet ?<\/p>\n","protected":false},"author":1,"featured_media":0,"parent":0,"menu_order":0,"comment_status":"closed","ping_status":"closed","template":"page-templates\/page_front-page.php","meta":{"footnotes":""},"class_list":["post-965","page","type-page","status-publish","hentry"],"_links":{"self":[{"href":"https:\/\/2pierh.com\/index.php\/wp-json\/wp\/v2\/pages\/965","targetHints":{"allow":["GET"]}}],"collection":[{"href":"https:\/\/2pierh.com\/index.php\/wp-json\/wp\/v2\/pages"}],"about":[{"href":"https:\/\/2pierh.com\/index.php\/wp-json\/wp\/v2\/types\/page"}],"author":[{"embeddable":true,"href":"https:\/\/2pierh.com\/index.php\/wp-json\/wp\/v2\/users\/1"}],"replies":[{"embeddable":true,"href":"https:\/\/2pierh.com\/index.php\/wp-json\/wp\/v2\/comments?post=965"}],"version-history":[{"count":7,"href":"https:\/\/2pierh.com\/index.php\/wp-json\/wp\/v2\/pages\/965\/revisions"}],"predecessor-version":[{"id":1074,"href":"https:\/\/2pierh.com\/index.php\/wp-json\/wp\/v2\/pages\/965\/revisions\/1074"}],"wp:attachment":[{"href":"https:\/\/2pierh.com\/index.php\/wp-json\/wp\/v2\/media?parent=965"}],"curies":[{"name":"wp","href":"https:\/\/api.w.org\/{rel}","templated":true}]}}